{"id":13121,"date":"2019-06-20T08:51:12","date_gmt":"2019-06-20T08:51:12","guid":{"rendered":"https:\/\/www.transhipping.es\/?page_id=13121"},"modified":"2019-06-20T08:51:13","modified_gmt":"2019-06-20T08:51:13","slug":"goods-insurance","status":"publish","type":"page","link":"https:\/\/www.transhipping.es\/en\/goods-insurance\/","title":{"rendered":"Goods Insurance"},"content":{"rendered":"<p><div class=\"fusion-fullwidth fullwidth-box fusion-builder-row-1 nonhundred-percent-fullwidth non-hundred-percent-height-scrolling\" style=\"background-color: rgba(255,255,255,0);background-position: left top;background-repeat: no-repeat;padding-top:0px;padding-right:30px;padding-bottom:0px;padding-left:30px;margin-bottom: 20px;margin-top: 50px;border-width: 0px 0px 0px 0px;border-color:#eae9e9;border-style:solid;\" ><div class=\"fusion-builder-row fusion-row\"><div class=\"fusion-layout-column fusion_builder_column fusion-builder-column-0 fusion_builder_column_1_1 1_1 fusion-one-full fusion-column-first fusion-column-last\" style=\"margin-top:0px;margin-bottom:0px;\"><div class=\"fusion-column-wrapper fusion-flex-column-wrapper-legacy\" style=\"background-position:left top;background-repeat:no-repeat;-webkit-background-size:cover;-moz-background-size:cover;-o-background-size:cover;background-size:cover;padding: 0px 2% 2% 2%;\"><div class=\"fusion-column-content-centered\"><div class=\"fusion-column-content\"><div class=\"fusion-text fusion-text-1\"><h2>Goods Insurance<\/h2>\n<\/div><div class=\"fusion-sep-clear\"><\/div><div class=\"fusion-separator fusion-clearfix\" style=\"float:left;margin-top:0px;margin-bottom:35px;width:100%;max-width:100px;\"><div class=\"fusion-separator-border sep-single sep-solid\" style=\"border-color:#213d65;border-top-width:2px;\"><\/div><\/div><div class=\"fusion-sep-clear\"><\/div><div class=\"fusion-text fusion-text-2\"><p>Any transport of goods is susceptible to damage, breakdowns, accidents or losses, which can be a major setback depending on the amount of the merchandise. For this reason, although insurance coverage of international freight is not mandatory, it is recommended to insure the goods before any operation. The transport insurance is that through which the insurer is obliged, prior to collecting the premium, to compensate the insured or beneficiary up to the fixed limit the damages that, as a result of the occurrence of some covered risk, the goods suffer during the trip insured.<\/p>\n<\/div><div class=\"fusion-sep-clear\"><\/div><div class=\"fusion-separator fusion-full-width-sep\" style=\"margin-left: auto;margin-right: auto;margin-top:20px;width:100%;\"><\/div><div class=\"fusion-sep-clear\"><\/div><\/div><\/div><div class=\"fusion-clearfix\"><\/div><\/div><\/div><div class=\"fusion-layout-column fusion_builder_column fusion-builder-column-1 fusion_builder_column_1_2 1_2 fusion-one-half fusion-column-first\" style=\"width:50%;width:calc(50% - ( ( 4% ) * 0.5 ) );margin-right: 4%;margin-top:0px;margin-bottom:0px;\"><div class=\"fusion-column-wrapper fusion-flex-column-wrapper-legacy\" style=\"background-position:left top;background-repeat:no-repeat;-webkit-background-size:cover;-moz-background-size:cover;-o-background-size:cover;background-size:cover;padding: 0px 0px 0px 0px;\"><div class=\"imageframe-align-center\"><span class=\" fusion-imageframe imageframe-none imageframe-1 hover-type-none\"><img decoding=\"async\" width=\"400\" height=\"300\" title=\"CONTRATO-SEGURO\" src=\"https:\/\/www.transhipping.es\/wp-content\/uploads\/2019\/05\/CONTRATO-SEGURO.png\" class=\"img-responsive wp-image-12768\" srcset=\"https:\/\/www.transhipping.es\/wp-content\/uploads\/2019\/05\/CONTRATO-SEGURO-200x150.png 200w, https:\/\/www.transhipping.es\/wp-content\/uploads\/2019\/05\/CONTRATO-SEGURO.png 400w\" sizes=\"(max-width: 1024px) 100vw, 400px\" \/><\/span><\/div><div class=\"fusion-clearfix\"><\/div><\/div><\/div><div class=\"fusion-layout-column fusion_builder_column fusion-builder-column-2 fusion_builder_column_1_2 1_2 fusion-one-half fusion-column-last\" style=\"width:50%;width:calc(50% - ( ( 4% ) * 0.5 ) );margin-top:0px;margin-bottom:0px;\"><div class=\"fusion-column-wrapper fusion-flex-column-wrapper-legacy\" style=\"background-position:left top;background-repeat:no-repeat;-webkit-background-size:cover;-moz-background-size:cover;-o-background-size:cover;background-size:cover;padding: 0px 0px 0px 0px;\"><div class=\"imageframe-align-center\"><span class=\" fusion-imageframe imageframe-none imageframe-2 hover-type-none\"><img decoding=\"async\" width=\"400\" height=\"203\" title=\"LOGO-ALLIANZ\" src=\"https:\/\/www.transhipping.es\/wp-content\/uploads\/2019\/05\/LOGO-ALLIANZ.png\" class=\"img-responsive wp-image-12771\" srcset=\"https:\/\/www.transhipping.es\/wp-content\/uploads\/2019\/05\/LOGO-ALLIANZ-200x102.png 200w, https:\/\/www.transhipping.es\/wp-content\/uploads\/2019\/05\/LOGO-ALLIANZ.png 400w\" sizes=\"(max-width: 1024px) 100vw, 400px\" \/><\/span><\/div><div class=\"fusion-clearfix\"><\/div><\/div><\/div><div class=\"fusion-layout-column fusion_builder_column fusion-builder-column-3 fusion_builder_column_1_1 1_1 fusion-one-full fusion-column-first fusion-column-last\" style=\"margin-top:0px;margin-bottom:0px;\"><div class=\"fusion-column-wrapper fusion-flex-column-wrapper-legacy\" style=\"background-position:left top;background-repeat:no-repeat;-webkit-background-size:cover;-moz-background-size:cover;-o-background-size:cover;background-size:cover;padding: 0px 0px 0px 0px;\"><div class=\"fusion-sep-clear\"><\/div><div class=\"fusion-separator fusion-full-width-sep\" style=\"margin-left: auto;margin-right: auto;margin-top:20px;width:100%;\"><\/div><div class=\"fusion-sep-clear\"><\/div><div class=\"fusion-text fusion-text-3\"><blockquote>\n<p style=\"text-align: center; font-size: 20px;\">TRANSHIPPING GROUP offers you a <strong>policy with door to door coverage for the transport of goods<\/strong> with the guarantee of ALLIANZ, the leading insurer in Europe with a presence in 70 countries. We ensure your shipments throughout your transportation, from the point of origin of the load (place of collection or delivery) to defined point of destination.<\/p>\n<\/blockquote>\n<\/div><div class=\"fusion-clearfix\"><\/div><\/div><\/div><\/div><\/div><div class=\"fusion-fullwidth fullwidth-box fusion-builder-row-2 nonhundred-percent-fullwidth non-hundred-percent-height-scrolling\" style=\"background-color: #f9f9f9;background-position: center center;background-repeat: no-repeat;padding-top:50px;padding-right:30px;padding-bottom:20px;padding-left:30px;margin-bottom: 0px;margin-top: 0px;border-width: 0px 0px 0px 0px;border-color:#eae9e9;border-style:solid;\" ><div class=\"fusion-builder-row fusion-row\"><div class=\"fusion-layout-column fusion_builder_column fusion-builder-column-4 fusion_builder_column_1_1 1_1 fusion-one-full fusion-column-first fusion-column-last\" style=\"margin-top:0px;margin-bottom:60px;\"><div class=\"fusion-column-wrapper fusion-flex-column-wrapper-legacy\" style=\"background-position:left top;background-repeat:no-repeat;-webkit-background-size:cover;-moz-background-size:cover;-o-background-size:cover;background-size:cover;padding: 0px 3% 0px 0px;\"><div class=\"fusion-text fusion-text-4\"><p><a href=\"https:\/\/www.transhipping.es\/wp-content\/uploads\/2019\/05\/Certificado-SEGUROok.png\"><img decoding=\"async\" class=\"alignright size-full wp-image-12760\" src=\"https:\/\/www.transhipping.es\/wp-content\/uploads\/2019\/05\/Certificado-SEGUROok.png\" alt=\"\" width=\"500\" height=\"709\" srcset=\"https:\/\/www.transhipping.es\/wp-content\/uploads\/2019\/05\/Certificado-SEGUROok-200x284.png 200w, https:\/\/www.transhipping.es\/wp-content\/uploads\/2019\/05\/Certificado-SEGUROok-212x300.png 212w, https:\/\/www.transhipping.es\/wp-content\/uploads\/2019\/05\/Certificado-SEGUROok-400x567.png 400w, https:\/\/www.transhipping.es\/wp-content\/uploads\/2019\/05\/Certificado-SEGUROok.png 500w\" sizes=\"(max-width: 500px) 100vw, 500px\" \/><\/a>The policy covers general merchandise (there are exclusions such as live animals, works of art, vehicles, precious stones, &#8230;) duly conditioned and packed for transport and takes effect from the moment of loading the goods insured in the point of origin until the moment of unloading at the point of destination, subsisting during transport and possible transhipments. The transport modes included are maritime, air by commercial line, land by truck and \/ or rail, and \/ or combination between any of them. Additionally, the merchandise is guaranteed in accordance with the provisions of the following attached clauses:<\/p>\n<p>&#8211; INSTITUTE CARGO CLAUSES (A), EDITION 1.1.82, expanded to cover the damage that occurs to the insured goods during the loading and \/ or unloading operations.<\/p>\n<p>&#8211; INSTITUTE CARGO CLAUSES (AIR), EDITION 1.1.82, expanded to cover the damages that occur to the insured goods during the loading and \/ or unloading operations.<\/p>\n<p>&#8211; INSTITUTE FROZEN FOOD (A) EXCLUDING FROZEN MEAT, EDICION 1.1.86<\/p>\n<p>&#8211; INSTITUTE FROZEN MEAT CLAUSES (A) 24 HOURS BREAKDOWN, EDICION 1.1.86<\/p>\n<p>&#8211; INSTITUTE STRIKES CLAUSES (CARGO), EDICION 1.1.82<\/p>\n<p>&#8211; INSTITUTE STRIKES CLAUSES (AIR CARGO), EDICION 1.1.82<\/p>\n<p>&#8211; INSTITUTE STRIKES CLAUSES (FROZEN FOOD), EDICION 1.1.86<\/p>\n<p>&#8211; INSTITUTE STRIKES CLAUSES (FROZEN MEAT), EDICION 1.1.86<\/p>\n<p>&#8211; INSTITUTE WAR CLAUSES (CARGO), EDICION 1.1.82<\/p>\n<p>&#8211; INSTITUTE WAR CLAUSES (AIR CARGO), EDICION 1.1.82<\/p>\n<p>&#8211; INSTITUTE WAR CANCELLATION CLAUSES (CARGO), EDICION 1.12.82<\/p>\n<p>&#8211; INSTITUTE CLASSIFICATION CLAUSE, EDICION 1.1.01<\/p>\n<p>En definitiva, se trata de una p\u00f3liza de p\u00e9rdidas, da\u00f1os o gastos que cubre todos aquellos riesgos que no est\u00e9n expresamente excluidos dentro de las propias Intitute Cargo Clauses A: (desplegable)<\/p>\n<ul>\n<li>Conducta dolosa del asegurado.<\/li>\n<li>P\u00e9rdidas, derrames y mermas en volumen y\/o peso cuando se deban a la naturaleza de la cosa.<\/li>\n<li>Por insuficiencia de embalaje o inadecuaci\u00f3n del objeto asegurado.<\/li>\n<li>Por vicio propio o naturaleza intr\u00ednseca de la cosa.<\/li>\n<li>P\u00e9rdida y\/o da\u00f1os por demoras.<\/li>\n<li>Da\u00f1os provenientes de artefactos nucleares.<\/li>\n<li>Innavegabilidad o inadecuaci\u00f3n del buque, siempre que el asegurado tenga conocimiento de la misma al tiempo de la carga.<\/li>\n<li>Guerra y sus manifestaciones.<\/li>\n<li>Huelga y sus manifestaciones.<\/li>\n<li>Artefactos de guerra.<\/li>\n<li>Terrorismo<\/li>\n<\/ul>\n<p>Adicionalmente, quedan expresamente excluidos de las garant\u00edas de esta p\u00f3liza los viajes cuyo origen y destino sean los pa\u00edses que a continuaci\u00f3n se detallan:\u00a0\u00a0 (desplegable)<\/p>\n<ul>\n<li>ABKHAZIA<\/li>\n<li>AFGANISTAN<\/li>\n<li>ALBANIA<\/li>\n<li>ANGOLA<\/li>\n<li>ARMENIA<\/li>\n<li>AZERBAIJAN<\/li>\n<li>BURUNDI<\/li>\n<li>CAMBOYA<\/li>\n<li>ERITREA<\/li>\n<li>EX-URSS<\/li>\n<li>EX-YUGOSLAVIA<\/li>\n<li>GOLFO DE AQABA Y EL MAR ROJO<\/li>\n<li>GOLFO PERSICO HASTA 24\u00ba NORTE<\/li>\n<li>GUINEA-BISSAU<\/li>\n<li>IRAK<\/li>\n<li>IRAN<\/li>\n<li>ISRAEL AND THE PALESTINAN AUTHORITY (INCLUYENDO WEST BANK Y GAZA, MONTE<\/li>\n<li>SCOPUS Y MONTE DE LOS OLIVOS).<\/li>\n<li>LIBERIA<\/li>\n<li>LIBIA<\/li>\n<li>MACEDONIA<\/li>\n<li>PAKISTAN<\/li>\n<li>REPUBLICA DE CHECHENIA<\/li>\n<li>REPUBLICA DEMOCRATICA DEL CONGO<\/li>\n<li>RUANDA<\/li>\n<li>SHIDDA KHARTLI (SUR OSSETIA)<\/li>\n<li>SIERRA LEONA<\/li>\n<li>SOMALIA<\/li>\n<li>SRI LANKA (NORTE LATITUD 7\u00ba 30\u00b4)<\/li>\n<li>TADJIKSTAN<\/li>\n<li>YEMEN<\/li>\n<li>ZIMBABWE<\/li>\n<\/ul>\n<p>En caso de\u00a0<strong>da\u00f1os identificados en destino, siempre se debe realizar la correspondiente reserva en el documento de transporte correspondiente<\/strong>, y reclamar por escrito a la persona o empresa que ha realizado el transporte de la mercanc\u00eda. Cada agente que ha intervenido deber\u00e1 presentar su reclamaci\u00f3n al transportista que haya contratado para preservar el derecho de subrogaci\u00f3n en caso de existir posterior reclamaci\u00f3n.<\/p>\n<\/div><div class=\"fusion-clearfix\"><\/div><\/div><\/div><\/div><\/div><\/p>\n<p>&nbsp;<\/p>\n","protected":false},"excerpt":{"rendered":"<p>&nbsp;<\/p>\n","protected":false},"author":9,"featured_media":0,"parent":0,"menu_order":0,"comment_status":"closed","ping_status":"closed","template":"100-width.php","meta":{"footnotes":""},"class_list":["post-13121","page","type-page","status-publish","hentry"],"yoast_head":"<!-- This site is optimized with the Yoast SEO plugin v27.3 - https:\/\/yoast.com\/product\/yoast-seo-wordpress\/ -->\n<title>Goods Insurance - Transhipping<\/title>\n<meta name=\"robots\" content=\"index, follow, max-snippet:-1, max-image-preview:large, max-video-preview:-1\" \/>\n<link rel=\"canonical\" href=\"https:\/\/www.transhipping.es\/en\/goods-insurance\/\" \/>\n<meta property=\"og:locale\" content=\"en_US\" \/>\n<meta property=\"og:type\" content=\"article\" \/>\n<meta property=\"og:title\" content=\"Goods Insurance - Transhipping\" \/>\n<meta property=\"og:description\" content=\"&nbsp;\" \/>\n<meta property=\"og:url\" content=\"https:\/\/www.transhipping.es\/en\/goods-insurance\/\" \/>\n<meta property=\"og:site_name\" content=\"Transhipping\" \/>\n<meta property=\"article:modified_time\" content=\"2019-06-20T08:51:13+00:00\" \/>\n<meta property=\"og:image\" content=\"https:\/\/www.transhipping.es\/wp-content\/uploads\/2019\/05\/Certificado-SEGUROok.png\" \/>\n<meta name=\"twitter:card\" content=\"summary_large_image\" \/>\n<meta name=\"twitter:label1\" content=\"Est. reading time\" \/>\n\t<meta name=\"twitter:data1\" content=\"8 minutes\" \/>\n<script type=\"application\/ld+json\" class=\"yoast-schema-graph\">{\"@context\":\"https:\\\/\\\/schema.org\",\"@graph\":[{\"@type\":\"WebPage\",\"@id\":\"https:\\\/\\\/www.transhipping.es\\\/en\\\/goods-insurance\\\/\",\"url\":\"https:\\\/\\\/www.transhipping.es\\\/en\\\/goods-insurance\\\/\",\"name\":\"Goods Insurance - Transhipping\",\"isPartOf\":{\"@id\":\"https:\\\/\\\/www.transhipping.es\\\/#website\"},\"primaryImageOfPage\":{\"@id\":\"https:\\\/\\\/www.transhipping.es\\\/en\\\/goods-insurance\\\/#primaryimage\"},\"image\":{\"@id\":\"https:\\\/\\\/www.transhipping.es\\\/en\\\/goods-insurance\\\/#primaryimage\"},\"thumbnailUrl\":\"https:\\\/\\\/www.transhipping.es\\\/wp-content\\\/uploads\\\/2019\\\/05\\\/Certificado-SEGUROok.png\",\"datePublished\":\"2019-06-20T08:51:12+00:00\",\"dateModified\":\"2019-06-20T08:51:13+00:00\",\"breadcrumb\":{\"@id\":\"https:\\\/\\\/www.transhipping.es\\\/en\\\/goods-insurance\\\/#breadcrumb\"},\"inLanguage\":\"en-US\",\"potentialAction\":[{\"@type\":\"ReadAction\",\"target\":[\"https:\\\/\\\/www.transhipping.es\\\/en\\\/goods-insurance\\\/\"]}]},{\"@type\":\"ImageObject\",\"inLanguage\":\"en-US\",\"@id\":\"https:\\\/\\\/www.transhipping.es\\\/en\\\/goods-insurance\\\/#primaryimage\",\"url\":\"https:\\\/\\\/www.transhipping.es\\\/wp-content\\\/uploads\\\/2019\\\/05\\\/Certificado-SEGUROok.png\",\"contentUrl\":\"https:\\\/\\\/www.transhipping.es\\\/wp-content\\\/uploads\\\/2019\\\/05\\\/Certificado-SEGUROok.png\"},{\"@type\":\"BreadcrumbList\",\"@id\":\"https:\\\/\\\/www.transhipping.es\\\/en\\\/goods-insurance\\\/#breadcrumb\",\"itemListElement\":[{\"@type\":\"ListItem\",\"position\":1,\"name\":\"Portada\",\"item\":\"https:\\\/\\\/www.transhipping.es\\\/en\\\/\"},{\"@type\":\"ListItem\",\"position\":2,\"name\":\"Goods Insurance\"}]},{\"@type\":\"WebSite\",\"@id\":\"https:\\\/\\\/www.transhipping.es\\\/#website\",\"url\":\"https:\\\/\\\/www.transhipping.es\\\/\",\"name\":\"Transhipping\",\"description\":\"Transhipping\",\"potentialAction\":[{\"@type\":\"SearchAction\",\"target\":{\"@type\":\"EntryPoint\",\"urlTemplate\":\"https:\\\/\\\/www.transhipping.es\\\/?s={search_term_string}\"},\"query-input\":{\"@type\":\"PropertyValueSpecification\",\"valueRequired\":true,\"valueName\":\"search_term_string\"}}],\"inLanguage\":\"en-US\"}]}<\/script>\n<!-- \/ Yoast SEO plugin. -->","yoast_head_json":{"title":"Goods Insurance - Transhipping","robots":{"index":"index","follow":"follow","max-snippet":"max-snippet:-1","max-image-preview":"max-image-preview:large","max-video-preview":"max-video-preview:-1"},"canonical":"https:\/\/www.transhipping.es\/en\/goods-insurance\/","og_locale":"en_US","og_type":"article","og_title":"Goods Insurance - Transhipping","og_description":"&nbsp;","og_url":"https:\/\/www.transhipping.es\/en\/goods-insurance\/","og_site_name":"Transhipping","article_modified_time":"2019-06-20T08:51:13+00:00","og_image":[{"url":"https:\/\/www.transhipping.es\/wp-content\/uploads\/2019\/05\/Certificado-SEGUROok.png","type":"","width":"","height":""}],"twitter_card":"summary_large_image","twitter_misc":{"Est. reading time":"8 minutes"},"schema":{"@context":"https:\/\/schema.org","@graph":[{"@type":"WebPage","@id":"https:\/\/www.transhipping.es\/en\/goods-insurance\/","url":"https:\/\/www.transhipping.es\/en\/goods-insurance\/","name":"Goods Insurance - Transhipping","isPartOf":{"@id":"https:\/\/www.transhipping.es\/#website"},"primaryImageOfPage":{"@id":"https:\/\/www.transhipping.es\/en\/goods-insurance\/#primaryimage"},"image":{"@id":"https:\/\/www.transhipping.es\/en\/goods-insurance\/#primaryimage"},"thumbnailUrl":"https:\/\/www.transhipping.es\/wp-content\/uploads\/2019\/05\/Certificado-SEGUROok.png","datePublished":"2019-06-20T08:51:12+00:00","dateModified":"2019-06-20T08:51:13+00:00","breadcrumb":{"@id":"https:\/\/www.transhipping.es\/en\/goods-insurance\/#breadcrumb"},"inLanguage":"en-US","potentialAction":[{"@type":"ReadAction","target":["https:\/\/www.transhipping.es\/en\/goods-insurance\/"]}]},{"@type":"ImageObject","inLanguage":"en-US","@id":"https:\/\/www.transhipping.es\/en\/goods-insurance\/#primaryimage","url":"https:\/\/www.transhipping.es\/wp-content\/uploads\/2019\/05\/Certificado-SEGUROok.png","contentUrl":"https:\/\/www.transhipping.es\/wp-content\/uploads\/2019\/05\/Certificado-SEGUROok.png"},{"@type":"BreadcrumbList","@id":"https:\/\/www.transhipping.es\/en\/goods-insurance\/#breadcrumb","itemListElement":[{"@type":"ListItem","position":1,"name":"Portada","item":"https:\/\/www.transhipping.es\/en\/"},{"@type":"ListItem","position":2,"name":"Goods Insurance"}]},{"@type":"WebSite","@id":"https:\/\/www.transhipping.es\/#website","url":"https:\/\/www.transhipping.es\/","name":"Transhipping","description":"Transhipping","potentialAction":[{"@type":"SearchAction","target":{"@type":"EntryPoint","urlTemplate":"https:\/\/www.transhipping.es\/?s={search_term_string}"},"query-input":{"@type":"PropertyValueSpecification","valueRequired":true,"valueName":"search_term_string"}}],"inLanguage":"en-US"}]}},"_links":{"self":[{"href":"https:\/\/www.transhipping.es\/en\/wp-json\/wp\/v2\/pages\/13121","targetHints":{"allow":["GET"]}}],"collection":[{"href":"https:\/\/www.transhipping.es\/en\/wp-json\/wp\/v2\/pages"}],"about":[{"href":"https:\/\/www.transhipping.es\/en\/wp-json\/wp\/v2\/types\/page"}],"author":[{"embeddable":true,"href":"https:\/\/www.transhipping.es\/en\/wp-json\/wp\/v2\/users\/9"}],"replies":[{"embeddable":true,"href":"https:\/\/www.transhipping.es\/en\/wp-json\/wp\/v2\/comments?post=13121"}],"version-history":[{"count":4,"href":"https:\/\/www.transhipping.es\/en\/wp-json\/wp\/v2\/pages\/13121\/revisions"}],"predecessor-version":[{"id":13200,"href":"https:\/\/www.transhipping.es\/en\/wp-json\/wp\/v2\/pages\/13121\/revisions\/13200"}],"wp:attachment":[{"href":"https:\/\/www.transhipping.es\/en\/wp-json\/wp\/v2\/media?parent=13121"}],"curies":[{"name":"wp","href":"https:\/\/api.w.org\/{rel}","templated":true}]}}