{"id":13114,"date":"2019-06-20T08:39:08","date_gmt":"2019-06-20T08:39:08","guid":{"rendered":"https:\/\/www.transhipping.es\/?page_id=13114"},"modified":"2019-06-26T14:19:34","modified_gmt":"2019-06-26T14:19:34","slug":"air-freight","status":"publish","type":"page","link":"https:\/\/www.transhipping.es\/en\/air-freight\/","title":{"rendered":"Air Freight"},"content":{"rendered":"<p><div class=\"fusion-fullwidth fullwidth-box fusion-builder-row-1 nonhundred-percent-fullwidth non-hundred-percent-height-scrolling\" style=\"background-color: rgba(255,255,255,0);background-position: left top;background-repeat: no-repeat;padding-top:0px;padding-right:30px;padding-bottom:0px;padding-left:30px;margin-bottom: 20px;margin-top: 50px;border-width: 0px 0px 0px 0px;border-color:#eae9e9;border-style:solid;\" ><div class=\"fusion-builder-row fusion-row\"><div class=\"fusion-layout-column fusion_builder_column fusion-builder-column-0 fusion_builder_column_1_1 1_1 fusion-one-full fusion-column-first fusion-column-last\" style=\"margin-top:0px;margin-bottom:0px;\"><div class=\"fusion-column-wrapper fusion-flex-column-wrapper-legacy\" style=\"background-position:left top;background-repeat:no-repeat;-webkit-background-size:cover;-moz-background-size:cover;-o-background-size:cover;background-size:cover;padding: 0px 2% 2% 2%;\"><div class=\"fusion-column-content-centered\"><div class=\"fusion-column-content\"><div class=\"fusion-text fusion-text-1\"><h2>Air Freight Service<\/h2>\n<\/div><div class=\"fusion-sep-clear\"><\/div><div class=\"fusion-separator fusion-clearfix\" style=\"float:left;margin-top:0px;margin-bottom:35px;width:100%;max-width:100px;\"><div class=\"fusion-separator-border sep-single sep-solid\" style=\"border-color:#213d65;border-top-width:2px;\"><\/div><\/div><div class=\"fusion-sep-clear\"><\/div><div class=\"fusion-text fusion-text-2\"><p>The airplane is by far the fastest transport mode for logistics operations and international trade. On the contrary, it presents technical (size) and security restrictions, as well as being more expensive. In this way, air transport is recommended for high-value merchandise traffic, commercial samples, documents and urgent shipments; while it is unsuitable for goods of low value, large volume or weight.<\/p>\n<\/div><div class=\"fusion-sep-clear\"><\/div><div class=\"fusion-separator fusion-full-width-sep\" style=\"margin-left: auto;margin-right: auto;margin-top:20px;width:100%;\"><\/div><div class=\"fusion-sep-clear\"><\/div><div class=\"imageframe-align-center\"><span class=\" fusion-imageframe imageframe-none imageframe-1 hover-type-zoomin\"><img decoding=\"async\" width=\"800\" height=\"455\" title=\"CARGA-AVION-MERCANCIASok\" src=\"https:\/\/www.transhipping.es\/wp-content\/uploads\/2019\/05\/CARGA-AVION-MERCANCIASok.png\" class=\"img-responsive wp-image-12738\" srcset=\"https:\/\/www.transhipping.es\/wp-content\/uploads\/2019\/05\/CARGA-AVION-MERCANCIASok-200x114.png 200w, https:\/\/www.transhipping.es\/wp-content\/uploads\/2019\/05\/CARGA-AVION-MERCANCIASok-400x228.png 400w, https:\/\/www.transhipping.es\/wp-content\/uploads\/2019\/05\/CARGA-AVION-MERCANCIASok-600x341.png 600w, https:\/\/www.transhipping.es\/wp-content\/uploads\/2019\/05\/CARGA-AVION-MERCANCIASok.png 800w\" sizes=\"(max-width: 1024px) 100vw, 800px\" \/><\/span><\/div><div class=\"fusion-sep-clear\"><\/div><div class=\"fusion-separator fusion-full-width-sep\" style=\"margin-left: auto;margin-right: auto;margin-top:20px;width:100%;\"><\/div><div class=\"fusion-sep-clear\"><\/div><\/div><\/div><div class=\"fusion-clearfix\"><\/div><\/div><\/div><div class=\"fusion-layout-column fusion_builder_column fusion-builder-column-1 fusion_builder_column_1_1 1_1 fusion-one-full fusion-column-first fusion-column-last\" style=\"margin-top:0px;margin-bottom:0px;\"><div class=\"fusion-column-wrapper fusion-flex-column-wrapper-legacy\" style=\"background-position:left top;background-repeat:no-repeat;-webkit-background-size:cover;-moz-background-size:cover;-o-background-size:cover;background-size:cover;padding: 0px 0px 0px 0px;\"><div class=\"fusion-text fusion-text-3\"><blockquote>\n<p style=\"font-size: 20px; text-align: center;\">As an IATA agent for more than 20 years, TRANSHIPPING GROUP has the solvency and access to more than 250 IATA member airlines to offer air transport services of any type of merchandise anywhere in the world from 24h to 72h at the best cost and maximum security. Our key success factor is <strong>administrative agility and flexibility<\/strong>. For this we have offices in the airport terminals of Barcelona, Madrid and Bilbao, as well as an extensive international network of agents for the coordination and final delivery from the main airports in the world.<\/p>\n<\/blockquote>\n<\/div><div class=\"fusion-clearfix\"><\/div><\/div><\/div><\/div><\/div><div class=\"fusion-fullwidth fullwidth-box fusion-builder-row-2 nonhundred-percent-fullwidth non-hundred-percent-height-scrolling\" style=\"background-color: rgba(255,255,255,0);background-position: center center;background-repeat: no-repeat;padding-top:0px;padding-right:30px;padding-bottom:0px;padding-left:30px;margin-bottom: 0px;margin-top: 0px;border-width: 0px 0px 0px 0px;border-color:#eae9e9;border-style:solid;\" ><div class=\"fusion-builder-row fusion-row\"><div class=\"fusion-layout-column fusion_builder_column fusion-builder-column-2 fusion_builder_column_1_1 1_1 fusion-one-full fusion-column-first fusion-column-last\" style=\"margin-top:0px;margin-bottom:0px;\"><div class=\"fusion-column-wrapper fusion-flex-column-wrapper-legacy\" style=\"background-position:left top;background-repeat:no-repeat;-webkit-background-size:cover;-moz-background-size:cover;-o-background-size:cover;background-size:cover;padding: 0px 0px 0px 0px;\"><div class=\"fusion-tabs fusion-tabs-1 classic horizontal-tabs icon-position-left\"><style type=\"text\/css\">.fusion-tabs.fusion-tabs-1 .nav-tabs li a.tab-link{border-top-color:#ebeaea;background-color:#ebeaea;}.fusion-tabs.fusion-tabs-1 .nav-tabs{background-color:#ffffff;}.fusion-tabs.fusion-tabs-1 .nav-tabs li.active a.tab-link,.fusion-tabs.fusion-tabs-1 .nav-tabs li.active a.tab-link:hover,.fusion-tabs.fusion-tabs-1 .nav-tabs li.active a.tab-link:focus{border-right-color:#ffffff;}.fusion-tabs.fusion-tabs-1 .nav-tabs li.active a.tab-link,.fusion-tabs.fusion-tabs-1 .nav-tabs li.active a.tab-link:hover,.fusion-tabs.fusion-tabs-1 .nav-tabs li.active a.tab-link:focus{background-color:#ffffff;}.fusion-tabs.fusion-tabs-1 .nav-tabs li a:hover{background-color:#ffffff;border-top-color:#ffffff;}.fusion-tabs.fusion-tabs-1 .tab-pane{background-color:#ffffff;}.fusion-tabs.fusion-tabs-1 .nav,.fusion-tabs.fusion-tabs-1 .nav-tabs,.fusion-tabs.fusion-tabs-1 .tab-content .tab-pane{border-color:#ebeaea;}<\/style><div class=\"nav\"><ul class=\"nav-tabs nav-justified\" role=\"tablist\"><li class=\"active\"><a class=\"tab-link\" data-toggle=\"tab\" role=\"tab\" aria-controls=\"tab-c1974670e71675d88c6\" aria-selected=\"true\" id=\"fusion-tab-airfreightservice\" href=\"#tab-c1974670e71675d88c6\"><h4 class=\"fusion-tab-heading\"><i class=\"fontawesome-icon fa-plane fas\" aria-hidden=\"true\" style=\"font-size:13px;\"><\/i>Air Freight Service<\/h4><\/a><\/li><li><a class=\"tab-link\" data-toggle=\"tab\" role=\"tab\" aria-controls=\"tab-8eb2a87a554609d28c0\" aria-selected=\"false\" tabindex=\"-1\" id=\"fusion-tab-customsbrokerage\" href=\"#tab-8eb2a87a554609d28c0\"><h4 class=\"fusion-tab-heading\"><i class=\"fontawesome-icon fa-newspaper fas\" aria-hidden=\"true\" style=\"font-size:13px;\"><\/i>Customs Brokerage<\/h4><\/a><\/li><li><a class=\"tab-link\" data-toggle=\"tab\" role=\"tab\" aria-controls=\"tab-b5474b338728e2ae744\" aria-selected=\"false\" tabindex=\"-1\" id=\"fusion-tab-additionalservices\" href=\"#tab-b5474b338728e2ae744\"><h4 class=\"fusion-tab-heading\"><i class=\"fontawesome-icon fa-magic fas\" aria-hidden=\"true\" style=\"font-size:13px;\"><\/i>Additional services <\/h4><\/a><\/li><\/ul><\/div><div class=\"tab-content\"><div class=\"nav fusion-mobile-tab-nav\"><ul class=\"nav-tabs nav-justified\"><li class=\"active\"><a class=\"tab-link\" data-toggle=\"tab\" role=\"tab\" aria-controls=\"tab-c1974670e71675d88c6\" aria-selected=\"true\" id=\"mobile-fusion-tab-airfreightservice\" href=\"#tab-c1974670e71675d88c6\"><h4 class=\"fusion-tab-heading\"><i class=\"fontawesome-icon fa-plane fas\" aria-hidden=\"true\" style=\"font-size:13px;\"><\/i>Air Freight Service<\/h4><\/a><\/li><\/ul><\/div><div class=\"tab-pane fade fusion-clearfix in active\" role=\"tabpanel\" tabindex=\"0\" aria-labelledby=\"fusion-tab-airfreightservice\" id=\"tab-c1974670e71675d88c6\">\n<ul>\n<li>Shipping to all airports in the world<\/li>\n<li>Consolidated Air shipments<\/li>\n<li>Door to Door Services<\/li>\n<li>Transport of dangerous goods<\/li>\n<li>Charter Services<\/li>\n<li>Express Services<\/li>\n<li>Shipments of bulky goods in cargo aircraft<\/li>\n<\/ul>\n<\/div><div class=\"nav fusion-mobile-tab-nav\"><ul class=\"nav-tabs nav-justified\"><li><a class=\"tab-link\" data-toggle=\"tab\" role=\"tab\" aria-controls=\"tab-8eb2a87a554609d28c0\" aria-selected=\"false\" tabindex=\"-1\" id=\"mobile-fusion-tab-customsbrokerage\" href=\"#tab-8eb2a87a554609d28c0\"><h4 class=\"fusion-tab-heading\"><i class=\"fontawesome-icon fa-newspaper fas\" aria-hidden=\"true\" style=\"font-size:13px;\"><\/i>Customs Brokerage<\/h4><\/a><\/li><\/ul><\/div><div class=\"tab-pane fade fusion-clearfix\" role=\"tabpanel\" tabindex=\"0\" aria-labelledby=\"fusion-tab-customsbrokerage\" id=\"tab-8eb2a87a554609d28c0\">\n<p>Processing of:<\/p>\n<ul>\n<li>Single Administrative Document (SAD)<\/li>\n<li>Transit documentation<\/li>\n<li>Veterinary<\/li>\n<li>Dual-use technology<\/li>\n<li>EUR-1<\/li>\n<\/ul>\n<\/div><div class=\"nav fusion-mobile-tab-nav\"><ul class=\"nav-tabs nav-justified\"><li><a class=\"tab-link\" data-toggle=\"tab\" role=\"tab\" aria-controls=\"tab-b5474b338728e2ae744\" aria-selected=\"false\" tabindex=\"-1\" id=\"mobile-fusion-tab-additionalservices\" href=\"#tab-b5474b338728e2ae744\"><h4 class=\"fusion-tab-heading\"><i class=\"fontawesome-icon fa-magic fas\" aria-hidden=\"true\" style=\"font-size:13px;\"><\/i>Additional services <\/h4><\/a><\/li><\/ul><\/div><div class=\"tab-pane fade fusion-clearfix\" role=\"tabpanel\" tabindex=\"0\" aria-labelledby=\"fusion-tab-additionalservices\" id=\"tab-b5474b338728e2ae744\">\n<ul>\n<li>Storage<\/li>\n<li>Handling<\/li>\n<li>Distribution<\/li>\n<li>Merchandise insurance<\/li>\n<li>Advice on letters of credit and documentation<\/li>\n<\/ul>\n<\/div><\/div><\/div><div class=\"fusion-clearfix\"><\/div><\/div><\/div><\/div><\/div><div class=\"fusion-fullwidth fullwidth-box fusion-builder-row-3 nonhundred-percent-fullwidth non-hundred-percent-height-scrolling\" style=\"background-color: rgba(255,255,255,0);background-position: center center;background-repeat: no-repeat;padding-top:0px;padding-right:30px;padding-bottom:0px;padding-left:30px;margin-bottom: 0px;margin-top: 0px;border-width: 0px 0px 0px 0px;border-color:#eae9e9;border-style:solid;\" ><div class=\"fusion-builder-row fusion-row\"><div class=\"fusion-layout-column fusion_builder_column fusion-builder-column-3 fusion_builder_column_1_1 1_1 fusion-one-full fusion-column-first fusion-column-last\" style=\"margin-top:0px;margin-bottom:0px;\"><div class=\"fusion-column-wrapper fusion-flex-column-wrapper-legacy\" style=\"background-position:left top;background-repeat:no-repeat;-webkit-background-size:cover;-moz-background-size:cover;-o-background-size:cover;background-size:cover;padding: 0px 0px 0px 0px;\"><div class=\"fusion-text fusion-text-4\"><\/div><div class=\"fusion-clearfix\"><\/div><\/div><\/div><\/div><\/div><\/p>\n","protected":false},"excerpt":{"rendered":"","protected":false},"author":9,"featured_media":0,"parent":0,"menu_order":0,"comment_status":"closed","ping_status":"closed","template":"100-width.php","meta":{"footnotes":""},"class_list":["post-13114","page","type-page","status-publish","hentry"],"yoast_head":"<!-- This site is optimized with the Yoast SEO plugin v27.3 - https:\/\/yoast.com\/product\/yoast-seo-wordpress\/ -->\n<title>\u25b7Air Freight | Transhipping<\/title>\n<meta name=\"description\" content=\"\u2705 \u27a4 Servicio de transporte a\u00e9reo. El avi\u00f3n es con mucha diferencia el medio de transporte m\u00e1s r\u00e1pido para las operaciones de log\u00edstica y comercio.\" \/>\n<meta name=\"robots\" content=\"index, follow, max-snippet:-1, max-image-preview:large, max-video-preview:-1\" \/>\n<link rel=\"canonical\" href=\"https:\/\/www.transhipping.es\/en\/air-freight\/\" \/>\n<meta property=\"og:locale\" content=\"en_US\" \/>\n<meta property=\"og:type\" content=\"article\" \/>\n<meta property=\"og:title\" content=\"\u25b7Air Freight | Transhipping\" \/>\n<meta property=\"og:description\" content=\"\u2705 \u27a4 Servicio de transporte a\u00e9reo. El avi\u00f3n es con mucha diferencia el medio de transporte m\u00e1s r\u00e1pido para las operaciones de log\u00edstica y comercio.\" \/>\n<meta property=\"og:url\" content=\"https:\/\/www.transhipping.es\/en\/air-freight\/\" \/>\n<meta property=\"og:site_name\" content=\"Transhipping\" \/>\n<meta property=\"article:modified_time\" content=\"2019-06-26T14:19:34+00:00\" \/>\n<meta name=\"twitter:card\" content=\"summary_large_image\" \/>\n<meta name=\"twitter:label1\" content=\"Est. reading time\" \/>\n\t<meta name=\"twitter:data1\" content=\"5 minutes\" \/>\n<script type=\"application\/ld+json\" class=\"yoast-schema-graph\">{\"@context\":\"https:\\\/\\\/schema.org\",\"@graph\":[{\"@type\":\"WebPage\",\"@id\":\"https:\\\/\\\/www.transhipping.es\\\/en\\\/air-freight\\\/\",\"url\":\"https:\\\/\\\/www.transhipping.es\\\/en\\\/air-freight\\\/\",\"name\":\"\u25b7Air Freight | Transhipping\",\"isPartOf\":{\"@id\":\"https:\\\/\\\/www.transhipping.es\\\/#website\"},\"datePublished\":\"2019-06-20T08:39:08+00:00\",\"dateModified\":\"2019-06-26T14:19:34+00:00\",\"description\":\"\u2705 \u27a4 Servicio de transporte a\u00e9reo. El avi\u00f3n es con mucha diferencia el medio de transporte m\u00e1s r\u00e1pido para las operaciones de log\u00edstica y comercio.\",\"breadcrumb\":{\"@id\":\"https:\\\/\\\/www.transhipping.es\\\/en\\\/air-freight\\\/#breadcrumb\"},\"inLanguage\":\"en-US\",\"potentialAction\":[{\"@type\":\"ReadAction\",\"target\":[\"https:\\\/\\\/www.transhipping.es\\\/en\\\/air-freight\\\/\"]}]},{\"@type\":\"BreadcrumbList\",\"@id\":\"https:\\\/\\\/www.transhipping.es\\\/en\\\/air-freight\\\/#breadcrumb\",\"itemListElement\":[{\"@type\":\"ListItem\",\"position\":1,\"name\":\"Portada\",\"item\":\"https:\\\/\\\/www.transhipping.es\\\/en\\\/\"},{\"@type\":\"ListItem\",\"position\":2,\"name\":\"Air Freight\"}]},{\"@type\":\"WebSite\",\"@id\":\"https:\\\/\\\/www.transhipping.es\\\/#website\",\"url\":\"https:\\\/\\\/www.transhipping.es\\\/\",\"name\":\"Transhipping\",\"description\":\"Transhipping\",\"potentialAction\":[{\"@type\":\"SearchAction\",\"target\":{\"@type\":\"EntryPoint\",\"urlTemplate\":\"https:\\\/\\\/www.transhipping.es\\\/?s={search_term_string}\"},\"query-input\":{\"@type\":\"PropertyValueSpecification\",\"valueRequired\":true,\"valueName\":\"search_term_string\"}}],\"inLanguage\":\"en-US\"}]}<\/script>\n<!-- \/ Yoast SEO plugin. -->","yoast_head_json":{"title":"\u25b7Air Freight | Transhipping","description":"\u2705 \u27a4 Servicio de transporte a\u00e9reo. El avi\u00f3n es con mucha diferencia el medio de transporte m\u00e1s r\u00e1pido para las operaciones de log\u00edstica y comercio.","robots":{"index":"index","follow":"follow","max-snippet":"max-snippet:-1","max-image-preview":"max-image-preview:large","max-video-preview":"max-video-preview:-1"},"canonical":"https:\/\/www.transhipping.es\/en\/air-freight\/","og_locale":"en_US","og_type":"article","og_title":"\u25b7Air Freight | Transhipping","og_description":"\u2705 \u27a4 Servicio de transporte a\u00e9reo. El avi\u00f3n es con mucha diferencia el medio de transporte m\u00e1s r\u00e1pido para las operaciones de log\u00edstica y comercio.","og_url":"https:\/\/www.transhipping.es\/en\/air-freight\/","og_site_name":"Transhipping","article_modified_time":"2019-06-26T14:19:34+00:00","twitter_card":"summary_large_image","twitter_misc":{"Est. reading time":"5 minutes"},"schema":{"@context":"https:\/\/schema.org","@graph":[{"@type":"WebPage","@id":"https:\/\/www.transhipping.es\/en\/air-freight\/","url":"https:\/\/www.transhipping.es\/en\/air-freight\/","name":"\u25b7Air Freight | Transhipping","isPartOf":{"@id":"https:\/\/www.transhipping.es\/#website"},"datePublished":"2019-06-20T08:39:08+00:00","dateModified":"2019-06-26T14:19:34+00:00","description":"\u2705 \u27a4 Servicio de transporte a\u00e9reo. El avi\u00f3n es con mucha diferencia el medio de transporte m\u00e1s r\u00e1pido para las operaciones de log\u00edstica y comercio.","breadcrumb":{"@id":"https:\/\/www.transhipping.es\/en\/air-freight\/#breadcrumb"},"inLanguage":"en-US","potentialAction":[{"@type":"ReadAction","target":["https:\/\/www.transhipping.es\/en\/air-freight\/"]}]},{"@type":"BreadcrumbList","@id":"https:\/\/www.transhipping.es\/en\/air-freight\/#breadcrumb","itemListElement":[{"@type":"ListItem","position":1,"name":"Portada","item":"https:\/\/www.transhipping.es\/en\/"},{"@type":"ListItem","position":2,"name":"Air Freight"}]},{"@type":"WebSite","@id":"https:\/\/www.transhipping.es\/#website","url":"https:\/\/www.transhipping.es\/","name":"Transhipping","description":"Transhipping","potentialAction":[{"@type":"SearchAction","target":{"@type":"EntryPoint","urlTemplate":"https:\/\/www.transhipping.es\/?s={search_term_string}"},"query-input":{"@type":"PropertyValueSpecification","valueRequired":true,"valueName":"search_term_string"}}],"inLanguage":"en-US"}]}},"_links":{"self":[{"href":"https:\/\/www.transhipping.es\/en\/wp-json\/wp\/v2\/pages\/13114","targetHints":{"allow":["GET"]}}],"collection":[{"href":"https:\/\/www.transhipping.es\/en\/wp-json\/wp\/v2\/pages"}],"about":[{"href":"https:\/\/www.transhipping.es\/en\/wp-json\/wp\/v2\/types\/page"}],"author":[{"embeddable":true,"href":"https:\/\/www.transhipping.es\/en\/wp-json\/wp\/v2\/users\/9"}],"replies":[{"embeddable":true,"href":"https:\/\/www.transhipping.es\/en\/wp-json\/wp\/v2\/comments?post=13114"}],"version-history":[{"count":5,"href":"https:\/\/www.transhipping.es\/en\/wp-json\/wp\/v2\/pages\/13114\/revisions"}],"predecessor-version":[{"id":13286,"href":"https:\/\/www.transhipping.es\/en\/wp-json\/wp\/v2\/pages\/13114\/revisions\/13286"}],"wp:attachment":[{"href":"https:\/\/www.transhipping.es\/en\/wp-json\/wp\/v2\/media?parent=13114"}],"curies":[{"name":"wp","href":"https:\/\/api.w.org\/{rel}","templated":true}]}}